
	{"id":47723,"date":"2025-03-31T13:12:36","date_gmt":"2025-03-31T11:12:36","guid":{"rendered":"https:\/\/entrepueblos.org\/asociarse\/"},"modified":"2026-01-28T11:17:29","modified_gmt":"2026-01-28T10:17:29","slug":"associarse","status":"publish","type":"page","link":"https:\/\/entrepueblos.org\/ca\/associarse\/","title":{"rendered":"Associar-se"},"content":{"rendered":"\n<p class=\"md:text-5xl mb-5 has-text-color has-link-color has-medium-font-size wp-elements-2475bcbd6ee10797d2b0657d606a857b\" style=\"color:#941c80\">Associar-se a Entrepueblos significa participar en un projecte social, ecologista i feminista que treballa per una transici\u00f3 ecosocial i un futur m\u00e9s just i solidari. <\/p>\n\n\n\n<p class=\"md:text-5xl mb-5 has-text-color has-link-color has-medium-font-size wp-elements-9f72fd90e4f61ac1076f384c14533428\" style=\"color:#941c80\"><strong>Unim Causes<\/strong>, a l&#8217;Estat espanyol i Am\u00e8rica Llatina, fomentant vincles que reforcen les nostres lluites.<\/p>\n\n\n\n<p class=\"md:text-5xl mb-5 has-text-color has-link-color has-medium-font-size wp-elements-fe44b6910fe80119889a671ba9338980\" style=\"color:#941c80\"><strong>Tracem resist\u00e8ncies<\/strong> a banda i banda de l&#8217;Atl\u00e0ntic per construir formes de vida m\u00e9s sostenibles i justes globalment. <\/p>\n\n\n\n<p class=\"md:text-5xl mb-5 has-text-color has-link-color has-medium-font-size wp-elements-e786a814ab60f03c2b1337324f84abfa\" style=\"color:#941c80\">Uneix-te a Entrepueblos per a col\u00b7laborar amb les defensores i defensors de drets humans, promoure una educaci\u00f3 transformadora i fomentar la cooperaci\u00f3 solid\u00e0ria amb els pobles d&#8217;Am\u00e8rica Llatina.<\/p>\n\n\n\n<p class=\"md:text-5xl mb-5 has-text-color has-link-color has-medium-font-size wp-elements-7af2fb10ce1b8988e36355f7e30853d8\" style=\"color:#941c80\"><strong>Et necessitem per a continuar construint aquest cam\u00ed! Troba la teva causa i tra\u00e7a les resist\u00e8ncies que han de venir!<\/strong><\/p>\n\n\n\n<p class=\"md:text-5xl mb-5 has-text-color has-link-color wp-elements-7b940044729aedb9331dbf5c606c0cef\" style=\"color:#941c80\"><\/p>\n\n\n\n<p class=\"md:text-5xl mb-5 has-text-color has-link-color wp-elements-7b940044729aedb9331dbf5c606c0cef\" style=\"color:#941c80\"><\/p>\n\n\n\n<p><\/p>\n","protected":false},"excerpt":{"rendered":"<p>Associar-se a Entrepueblos significa participar en un projecte social, ecologista i feminista que treballa per una transici\u00f3 ecosocial i un futur m\u00e9s just i solidari.<a class=\"leer-mas\" href=\"https:\/\/entrepueblos.org\/ca\/associarse\/\">&#8230;<\/a><\/p>\n","protected":false},"author":1,"featured_media":0,"parent":0,"menu_order":0,"comment_status":"closed","ping_status":"closed","template":"template\/asociarse.php","meta":{"_acf_changed":false,"footnotes":""},"class_list":["post-47723","page","type-page","status-publish","hentry"],"acf":[],"yoast_head":"<!-- This site is optimized with the Yoast SEO plugin v25.4 - https:\/\/yoast.com\/wordpress\/plugins\/seo\/ -->\n<title>Associar-se - Entrepobles<\/title>\n<meta name=\"robots\" content=\"index, follow, max-snippet:-1, max-image-preview:large, max-video-preview:-1\" \/>\n<link rel=\"canonical\" href=\"https:\/\/entrepueblos.org\/ca\/associarse\/\" \/>\n<meta property=\"og:locale\" content=\"ca_ES\" \/>\n<meta property=\"og:type\" content=\"article\" \/>\n<meta property=\"og:title\" content=\"Associar-se - Entrepobles\" \/>\n<meta property=\"og:description\" content=\"Associar-se a Entrepueblos significa participar en un projecte social, ecologista i feminista que treballa per una transici\u00f3 ecosocial i un futur m\u00e9s just i solidari....\" \/>\n<meta property=\"og:url\" content=\"https:\/\/entrepueblos.org\/ca\/associarse\/\" \/>\n<meta property=\"og:site_name\" content=\"Entrepobles\" \/>\n<meta property=\"article:modified_time\" content=\"2026-01-28T10:17:29+00:00\" \/>\n<meta name=\"twitter:card\" content=\"summary_large_image\" \/>\n<meta name=\"twitter:label1\" content=\"Temps estimat de lectura\" \/>\n\t<meta name=\"twitter:data1\" content=\"1 minut\" \/>\n<script type=\"application\/ld+json\" class=\"yoast-schema-graph\">{\"@context\":\"https:\/\/schema.org\",\"@graph\":[{\"@type\":\"WebPage\",\"@id\":\"https:\/\/entrepueblos.org\/ca\/associarse\/\",\"url\":\"https:\/\/entrepueblos.org\/ca\/associarse\/\",\"name\":\"Associar-se - Entrepobles\",\"isPartOf\":{\"@id\":\"https:\/\/entrepueblos.org\/ca\/#website\"},\"datePublished\":\"2025-03-31T11:12:36+00:00\",\"dateModified\":\"2026-01-28T10:17:29+00:00\",\"breadcrumb\":{\"@id\":\"https:\/\/entrepueblos.org\/ca\/associarse\/#breadcrumb\"},\"inLanguage\":\"ca\",\"potentialAction\":[{\"@type\":\"ReadAction\",\"target\":[\"https:\/\/entrepueblos.org\/ca\/associarse\/\"]}]},{\"@type\":\"BreadcrumbList\",\"@id\":\"https:\/\/entrepueblos.org\/ca\/associarse\/#breadcrumb\",\"itemListElement\":[{\"@type\":\"ListItem\",\"position\":1,\"name\":\"Portada\",\"item\":\"https:\/\/entrepueblos.org\/ca\/\"},{\"@type\":\"ListItem\",\"position\":2,\"name\":\"Associar-se\"}]},{\"@type\":\"WebSite\",\"@id\":\"https:\/\/entrepueblos.org\/ca\/#website\",\"url\":\"https:\/\/entrepueblos.org\/ca\/\",\"name\":\"Entrepobles\",\"description\":\"\",\"publisher\":{\"@id\":\"https:\/\/entrepueblos.org\/ca\/#organization\"},\"potentialAction\":[{\"@type\":\"SearchAction\",\"target\":{\"@type\":\"EntryPoint\",\"urlTemplate\":\"https:\/\/entrepueblos.org\/ca\/?s={search_term_string}\"},\"query-input\":{\"@type\":\"PropertyValueSpecification\",\"valueRequired\":true,\"valueName\":\"search_term_string\"}}],\"inLanguage\":\"ca\"},{\"@type\":\"Organization\",\"@id\":\"https:\/\/entrepueblos.org\/ca\/#organization\",\"name\":\"Entrepobles\",\"url\":\"https:\/\/entrepueblos.org\/ca\/\",\"logo\":{\"@type\":\"ImageObject\",\"inLanguage\":\"ca\",\"@id\":\"https:\/\/entrepueblos.org\/ca\/#\/schema\/logo\/image\/\",\"url\":\"https:\/\/entrepueblos.org\/wp-content\/uploads\/2025\/02\/cropped-logo-entrepobles.png\",\"contentUrl\":\"https:\/\/entrepueblos.org\/wp-content\/uploads\/2025\/02\/cropped-logo-entrepobles.png\",\"width\":67,\"height\":48,\"caption\":\"Entrepobles\"},\"image\":{\"@id\":\"https:\/\/entrepueblos.org\/ca\/#\/schema\/logo\/image\/\"}}]}<\/script>\n<!-- \/ Yoast SEO plugin. -->","yoast_head_json":{"title":"Associar-se - Entrepobles","robots":{"index":"index","follow":"follow","max-snippet":"max-snippet:-1","max-image-preview":"max-image-preview:large","max-video-preview":"max-video-preview:-1"},"canonical":"https:\/\/entrepueblos.org\/ca\/associarse\/","og_locale":"ca_ES","og_type":"article","og_title":"Associar-se - Entrepobles","og_description":"Associar-se a Entrepueblos significa participar en un projecte social, ecologista i feminista que treballa per una transici\u00f3 ecosocial i un futur m\u00e9s just i solidari....","og_url":"https:\/\/entrepueblos.org\/ca\/associarse\/","og_site_name":"Entrepobles","article_modified_time":"2026-01-28T10:17:29+00:00","twitter_card":"summary_large_image","twitter_misc":{"Temps estimat de lectura":"1 minut"},"schema":{"@context":"https:\/\/schema.org","@graph":[{"@type":"WebPage","@id":"https:\/\/entrepueblos.org\/ca\/associarse\/","url":"https:\/\/entrepueblos.org\/ca\/associarse\/","name":"Associar-se - Entrepobles","isPartOf":{"@id":"https:\/\/entrepueblos.org\/ca\/#website"},"datePublished":"2025-03-31T11:12:36+00:00","dateModified":"2026-01-28T10:17:29+00:00","breadcrumb":{"@id":"https:\/\/entrepueblos.org\/ca\/associarse\/#breadcrumb"},"inLanguage":"ca","potentialAction":[{"@type":"ReadAction","target":["https:\/\/entrepueblos.org\/ca\/associarse\/"]}]},{"@type":"BreadcrumbList","@id":"https:\/\/entrepueblos.org\/ca\/associarse\/#breadcrumb","itemListElement":[{"@type":"ListItem","position":1,"name":"Portada","item":"https:\/\/entrepueblos.org\/ca\/"},{"@type":"ListItem","position":2,"name":"Associar-se"}]},{"@type":"WebSite","@id":"https:\/\/entrepueblos.org\/ca\/#website","url":"https:\/\/entrepueblos.org\/ca\/","name":"Entrepobles","description":"","publisher":{"@id":"https:\/\/entrepueblos.org\/ca\/#organization"},"potentialAction":[{"@type":"SearchAction","target":{"@type":"EntryPoint","urlTemplate":"https:\/\/entrepueblos.org\/ca\/?s={search_term_string}"},"query-input":{"@type":"PropertyValueSpecification","valueRequired":true,"valueName":"search_term_string"}}],"inLanguage":"ca"},{"@type":"Organization","@id":"https:\/\/entrepueblos.org\/ca\/#organization","name":"Entrepobles","url":"https:\/\/entrepueblos.org\/ca\/","logo":{"@type":"ImageObject","inLanguage":"ca","@id":"https:\/\/entrepueblos.org\/ca\/#\/schema\/logo\/image\/","url":"https:\/\/entrepueblos.org\/wp-content\/uploads\/2025\/02\/cropped-logo-entrepobles.png","contentUrl":"https:\/\/entrepueblos.org\/wp-content\/uploads\/2025\/02\/cropped-logo-entrepobles.png","width":67,"height":48,"caption":"Entrepobles"},"image":{"@id":"https:\/\/entrepueblos.org\/ca\/#\/schema\/logo\/image\/"}}]}},"_links":{"self":[{"href":"https:\/\/entrepueblos.org\/ca\/wp-json\/wp\/v2\/pages\/47723","targetHints":{"allow":["GET"]}}],"collection":[{"href":"https:\/\/entrepueblos.org\/ca\/wp-json\/wp\/v2\/pages"}],"about":[{"href":"https:\/\/entrepueblos.org\/ca\/wp-json\/wp\/v2\/types\/page"}],"author":[{"embeddable":true,"href":"https:\/\/entrepueblos.org\/ca\/wp-json\/wp\/v2\/users\/1"}],"replies":[{"embeddable":true,"href":"https:\/\/entrepueblos.org\/ca\/wp-json\/wp\/v2\/comments?post=47723"}],"version-history":[{"count":15,"href":"https:\/\/entrepueblos.org\/ca\/wp-json\/wp\/v2\/pages\/47723\/revisions"}],"predecessor-version":[{"id":49373,"href":"https:\/\/entrepueblos.org\/ca\/wp-json\/wp\/v2\/pages\/47723\/revisions\/49373"}],"wp:attachment":[{"href":"https:\/\/entrepueblos.org\/ca\/wp-json\/wp\/v2\/media?parent=47723"}],"curies":[{"name":"wp","href":"https:\/\/api.w.org\/{rel}","templated":true}]}}