
	{"id":47622,"date":"2025-01-28T17:06:46","date_gmt":"2025-01-28T16:06:46","guid":{"rendered":"https:\/\/entrepueblos.org\/quienes-somos\/"},"modified":"2026-01-26T08:09:50","modified_gmt":"2026-01-26T07:09:50","slug":"qui-som","status":"publish","type":"page","link":"https:\/\/entrepueblos.org\/ca\/qui-som\/","title":{"rendered":"Qui som?"},"content":{"rendered":"\n<p><strong>Com treballem?<\/strong><\/p>\n\n\n\n<p>Al llarg de tres d\u00e8cades, Entrepobles ha constru\u00eft una xarxa de solidaritat internacional amb agents socials i moviments alternatius feministes, ecologistes, populars, llauradors i ind\u00edgenes de tot el m\u00f3n.<\/p>\n\n\n\n<p>Compartim amb les nostres aliades la urg\u00e8ncia per transformar les nostres societats i fer front a reptes com les crisi clim\u00e0tica, energ\u00e8tica, ecol\u00f2gica i aliment\u00e0ria; l&#8217;extrema desigualtat, el racisme i el colonialisme, aix\u00ed com la crisi de les cures.<\/p>\n\n\n\n<figure class=\"wp-block-gallery has-nested-images columns-default is-cropped wp-block-gallery-1 is-layout-flex wp-block-gallery-is-layout-flex\">\n<figure class=\"wp-block-image size-large\"><img loading=\"lazy\" decoding=\"async\" width=\"236\" height=\"305\" data-id=\"76\" src=\"https:\/\/entrepueblos.org\/wp-content\/uploads\/2025\/02\/Rectangle-66-1.png\" alt=\"\" class=\"wp-image-76\" srcset=\"https:\/\/entrepueblos.org\/wp-content\/uploads\/2025\/02\/Rectangle-66-1.png 236w, https:\/\/entrepueblos.org\/wp-content\/uploads\/2025\/02\/Rectangle-66-1-232x300.png 232w\" sizes=\"auto, (max-width: 236px) 100vw, 236px\" \/><\/figure>\n\n\n\n<figure class=\"wp-block-image size-large\"><img loading=\"lazy\" decoding=\"async\" width=\"216\" height=\"261\" data-id=\"59\" src=\"https:\/\/entrepueblos.org\/wp-content\/uploads\/2025\/02\/Rectangle-74.png\" alt=\"\" class=\"wp-image-59\"\/><\/figure>\n<\/figure>\n\n\n\n<p>Les nostres aliances es basen en el suport mutu mitjan\u00e7ant relacions igualit\u00e0ries i bidireccionals per a aconseguir un major apoderament social enfront dels qui dominen l&#8217;economia i la pol\u00edtica global, principalment les grans empreses transnacionals i a les institucions cooptades per elles.<\/p>\n\n\n\n<p>Tant a Am\u00e8rica Llatina com al nostre pa\u00eds, plantem cara a les injust\u00edcies, la impunitat i la inacci\u00f3 dels governs i despleguem noves estrat\u00e8gies que responguen de manera justa i equitativa a una nova <strong>transici\u00f3 ecosocial.<\/strong><\/p>\n\n\n\n<p>En l&#8217;estat espanyol i en tota Europa, participem en plataformes, xarxes i f\u00f2rums en defensa de la llibertat d&#8217;expressi\u00f3 i reuni\u00f3; contra les fronteres a les persones migrades; de suport c\u00edvic davant violacions de drets humans, en defensa de la pau o contra macroprojectes que deterioren la vida i la naturalesa.<\/p>\n\n\n\n<p><strong>Acompanyament&nbsp;<\/strong><\/p>\n\n\n\n<p>La nostra principal l\u00ednia de treball \u00e9s l&#8217;acompanyament a comunitats llauradores i ind\u00edgenes, que estan en la primera l\u00ednia de la defensa de la vida. Ells i elles, sovint silenciades, s\u00f3n nostres <a href=\"http:\/\/activistasporlavida.org\">activistes per la vida<\/a>.<\/p>\n\n\n\n<p>Aprenem estrat\u00e8gies de protecci\u00f3 i cures d&#8217;elles i les seues comunitats i les traslladem a la ciutadania a trav\u00e9s dels nostres projectes d&#8217;educaci\u00f3 transformadora.<\/p>\n\n\n\n<p><strong>Donem suport als seus processos d&#8217;enfortiment i defensa del territori.<\/strong><\/p>\n\n\n\n<p>Fem incid\u00e8ncia en espais de decisi\u00f3 i opini\u00f3 davant casos de vulneraci\u00f3 de Drets Humans i repressi\u00f3 a activistes ambientals per part d&#8217;empreses promotores de megaprojectes extractivistes i l&#8217;arquitectura d&#8217;impunitat que els protegeix.<\/p>\n\n\n\n<p><strong>\u00c0rees d&#8217;actuaci\u00f3:<\/strong><\/p>\n\n\n\n<figure class=\"wp-block-table\"><table class=\"has-fixed-layout\"><tbody><tr><td>FEMINISMES<\/td><td>&#8211; Per una vida lliure de viol\u00e8ncies.<br>&#8211; Els nostres cossos, les nostres identitats.<br>&#8211; Per la sostenibilitat de la vida.<\/td><\/tr><tr><td>SOBERANIES<\/td><td>&#8211; Ecologisme social<br>&#8211; Economia social i solid\u00e0ria.<br>&#8211; Sobirania aliment\u00e0ria i Defensa del territori.<br>&#8211; Enfront de la impunitat d&#8217;empreses transnacionals i els Tractats comercials.<\/td><\/tr><tr><td>DRETS I JUST\u00cdCIES<\/td><td>&#8211; Protecci\u00f3 a defensores-\u00e9s de DH.<br>&#8211; Migracions, refugi i drets socials.<br>&#8211; Pobles ind\u00edgenes.<br>&#8211; Mem\u00f2ria hist\u00f2rica.<\/td><\/tr><\/tbody><\/table><\/figure>\n\n\n\n<p><a href=\"https:\/\/docs.google.com\/document\/d\/1dcGvTA9fOeEdNfv7ZroY1ROFmkt5BoM4\/edit\">Conoce nuestra MISI\u00d3N, VISI\u00d3N y VALORES<\/a><\/p>\n\n\n\n<p><strong>Com ens organitzem?<\/strong><\/p>\n\n\n\n<p><strong>BASE SOCIAL<\/strong><\/p>\n\n\n\n<p>La participaci\u00f3 de les persones associades a Entrepobles \u00e9s oberta, directa i democr\u00e0tica. Es canalitza a trav\u00e9s de nostres&nbsp;<a href=\"https:\/\/entrepueblos.org\/ca\/on-estem\/\" target=\"_blank\" rel=\"noreferrer noopener\"><strong>Organitzacios Territorials (OTs)<\/strong>.<\/a>&nbsp;<\/p>\n\n\n\n<p>Som una associaci\u00f3 inclusiva i plural, atenta a tots els punts de vista dels qui treballen per la transformaci\u00f3 ecosocial.<\/p>\n\n\n\n<p><strong><a href=\"https:\/\/entrepueblos.org\/ca\/associarse\/\">Com participar a Entrepobles<\/a><\/strong><\/p>\n\n\n\n<h3 class=\"wp-block-heading\">Distribuci\u00f3 de la base social de\u00b4Entrepobles<\/h3>\n\n\n\n<figure class=\"wp-block-image size-large\"><img loading=\"lazy\" decoding=\"async\" width=\"1024\" height=\"629\" src=\"https:\/\/entrepueblos.org\/wp-content\/uploads\/2025\/10\/Captura-de-Pantalla-2025-10-22-a-las-17.40.49-1024x629.png\" alt=\"\" class=\"wp-image-48404\" srcset=\"https:\/\/entrepueblos.org\/wp-content\/uploads\/2025\/10\/Captura-de-Pantalla-2025-10-22-a-las-17.40.49-1024x629.png 1024w, https:\/\/entrepueblos.org\/wp-content\/uploads\/2025\/10\/Captura-de-Pantalla-2025-10-22-a-las-17.40.49-300x184.png 300w, https:\/\/entrepueblos.org\/wp-content\/uploads\/2025\/10\/Captura-de-Pantalla-2025-10-22-a-las-17.40.49-768x472.png 768w, https:\/\/entrepueblos.org\/wp-content\/uploads\/2025\/10\/Captura-de-Pantalla-2025-10-22-a-las-17.40.49-1536x944.png 1536w, https:\/\/entrepueblos.org\/wp-content\/uploads\/2025\/10\/Captura-de-Pantalla-2025-10-22-a-las-17.40.49.png 1656w\" sizes=\"auto, (max-width: 1024px) 100vw, 1024px\" \/><\/figure>\n\n\n\n<p><strong>ASSEMBLEA<\/strong><\/p>\n\n\n\n<p>Totes les persones associades participen en l&#8217;Assemblea General anual, l&#8217;\u00f2rgan de m\u00e0xima decisi\u00f3 de Entrepobles. En ella es generen processos de reflexi\u00f3, debat i acords col\u00b7lectius de tots els temes que protagonitzaran la nostra activitat durant el seg\u00fcent any.<\/p>\n\n\n\n<figure class=\"wp-block-gallery has-nested-images columns-default is-cropped wp-block-gallery-2 is-layout-flex wp-block-gallery-is-layout-flex\">\n<figure class=\"wp-block-image size-large\"><img loading=\"lazy\" decoding=\"async\" width=\"1024\" height=\"417\" data-id=\"48408\" src=\"https:\/\/entrepueblos.org\/wp-content\/uploads\/2025\/10\/30-asambleaweb-1024x417.jpg\" alt=\"\" class=\"wp-image-48408\" srcset=\"https:\/\/entrepueblos.org\/wp-content\/uploads\/2025\/10\/30-asambleaweb-1024x417.jpg 1024w, https:\/\/entrepueblos.org\/wp-content\/uploads\/2025\/10\/30-asambleaweb-300x122.jpg 300w, https:\/\/entrepueblos.org\/wp-content\/uploads\/2025\/10\/30-asambleaweb-768x313.jpg 768w, https:\/\/entrepueblos.org\/wp-content\/uploads\/2025\/10\/30-asambleaweb-1536x625.jpg 1536w, https:\/\/entrepueblos.org\/wp-content\/uploads\/2025\/10\/30-asambleaweb.jpg 2000w\" sizes=\"auto, (max-width: 1024px) 100vw, 1024px\" \/><\/figure>\n\n\n\n<figure class=\"wp-block-image size-large\"><img loading=\"lazy\" decoding=\"async\" width=\"1024\" height=\"482\" data-id=\"48410\" src=\"https:\/\/entrepueblos.org\/wp-content\/uploads\/2025\/10\/Asamblea-2019-1024x482.jpg\" alt=\"\" class=\"wp-image-48410\" srcset=\"https:\/\/entrepueblos.org\/wp-content\/uploads\/2025\/10\/Asamblea-2019-1024x482.jpg 1024w, https:\/\/entrepueblos.org\/wp-content\/uploads\/2025\/10\/Asamblea-2019-300x141.jpg 300w, https:\/\/entrepueblos.org\/wp-content\/uploads\/2025\/10\/Asamblea-2019-768x362.jpg 768w, https:\/\/entrepueblos.org\/wp-content\/uploads\/2025\/10\/Asamblea-2019-1536x723.jpg 1536w, https:\/\/entrepueblos.org\/wp-content\/uploads\/2025\/10\/Asamblea-2019.jpg 2048w\" sizes=\"auto, (max-width: 1024px) 100vw, 1024px\" \/><\/figure>\n\n\n\n<figure class=\"wp-block-image size-large\"><img loading=\"lazy\" decoding=\"async\" width=\"1024\" height=\"576\" data-id=\"48412\" src=\"https:\/\/entrepueblos.org\/wp-content\/uploads\/2025\/10\/Asamblea2023-32-scaled-1-1024x576.jpg\" alt=\"\" class=\"wp-image-48412\" srcset=\"https:\/\/entrepueblos.org\/wp-content\/uploads\/2025\/10\/Asamblea2023-32-scaled-1-1024x576.jpg 1024w, https:\/\/entrepueblos.org\/wp-content\/uploads\/2025\/10\/Asamblea2023-32-scaled-1-300x169.jpg 300w, https:\/\/entrepueblos.org\/wp-content\/uploads\/2025\/10\/Asamblea2023-32-scaled-1-768x432.jpg 768w, https:\/\/entrepueblos.org\/wp-content\/uploads\/2025\/10\/Asamblea2023-32-scaled-1-1536x864.jpg 1536w, https:\/\/entrepueblos.org\/wp-content\/uploads\/2025\/10\/Asamblea2023-32-scaled-1-2048x1152.jpg 2048w\" sizes=\"auto, (max-width: 1024px) 100vw, 1024px\" \/><\/figure>\n\n\n\n<figure class=\"wp-block-image size-large\"><img loading=\"lazy\" decoding=\"async\" width=\"1024\" height=\"406\" data-id=\"48414\" src=\"https:\/\/entrepueblos.org\/wp-content\/uploads\/2025\/10\/foto-grupo-asamblea-2024-1024x406.png\" alt=\"\" class=\"wp-image-48414\" srcset=\"https:\/\/entrepueblos.org\/wp-content\/uploads\/2025\/10\/foto-grupo-asamblea-2024-1024x406.png 1024w, https:\/\/entrepueblos.org\/wp-content\/uploads\/2025\/10\/foto-grupo-asamblea-2024-300x119.png 300w, https:\/\/entrepueblos.org\/wp-content\/uploads\/2025\/10\/foto-grupo-asamblea-2024-768x305.png 768w, https:\/\/entrepueblos.org\/wp-content\/uploads\/2025\/10\/foto-grupo-asamblea-2024-1536x610.png 1536w, https:\/\/entrepueblos.org\/wp-content\/uploads\/2025\/10\/foto-grupo-asamblea-2024-2048x813.png 2048w\" sizes=\"auto, (max-width: 1024px) 100vw, 1024px\" \/><\/figure>\n<\/figure>\n\n\n\n<figure class=\"wp-block-image size-large\"><img loading=\"lazy\" decoding=\"async\" width=\"1024\" height=\"768\" src=\"https:\/\/entrepueblos.org\/wp-content\/uploads\/2025\/10\/photo_2025-10-22-18.10.40-1024x768.jpeg\" alt=\"\" class=\"wp-image-48416\" srcset=\"https:\/\/entrepueblos.org\/wp-content\/uploads\/2025\/10\/photo_2025-10-22-18.10.40-1024x768.jpeg 1024w, https:\/\/entrepueblos.org\/wp-content\/uploads\/2025\/10\/photo_2025-10-22-18.10.40-300x225.jpeg 300w, https:\/\/entrepueblos.org\/wp-content\/uploads\/2025\/10\/photo_2025-10-22-18.10.40-768x576.jpeg 768w, https:\/\/entrepueblos.org\/wp-content\/uploads\/2025\/10\/photo_2025-10-22-18.10.40.jpeg 1280w\" sizes=\"auto, (max-width: 1024px) 100vw, 1024px\" \/><\/figure>\n\n\n\n<p><strong>JUNTA DIRECTIVA<\/strong><\/p>\n\n\n\n<p>La&nbsp;<strong>Junta Directiva<\/strong>&nbsp;d&#8217;Entrepobles est\u00e0 composta per la Presidenta, la Secret\u00e0ria i la Tresorera, a m\u00e9s de les vocalies que cada organitzaci\u00f3 territorial proposa per a la seua representaci\u00f3.<\/p>\n\n\n\n<p>\u00c9s triada bianualment pels socis i s\u00f2cies durant <strong>l&#8217;Assemblea General.<\/strong> \u00c9s renovada \u00edntegrament en el termini de dos anys, podent els seus integrants ser reelegibles indefinidament.<\/p>\n\n\n\n<p><strong>Composici\u00f3 de la Junta Directiva 2025<\/strong><\/p>\n\n\n\n<p>En l&#8217;Assemblea General de Socis i S\u00f2cies d&#8217;Entrepobles, degudament convocada i celebrada presencialment el dia 11 de maig 2025 a Bilbao, es va adoptar per unanimitat renovar la Junta Directiva que passa a estar integrada per les seg\u00fcents persones amb els c\u00e0rrecs que s&#8217;indiquen a continuaci\u00f3:<\/p>\n\n\n\n<figure class=\"wp-block-table\"><table class=\"has-fixed-layout\"><tbody><tr><td><strong>Presid\u00e8ncia Honor\u00edfica:<\/strong><\/td><td>Jos\u00e9 Mar\u00eda Valverde<\/td><\/tr><tr><td><strong>Presid\u00e8ncia:<\/strong><\/td><td>Montserrat Benito Soriano<\/td><\/tr><tr><td><strong>Secretaria:<\/strong><\/td><td>Gon\u00e7al Barrios Sanrom\u00e0&nbsp;<\/td><\/tr><tr><td><strong>Tesoreria:<\/strong><\/td><td>Salvador Balcells P\u00e9rez<\/td><\/tr><tr><td><strong>Vocalies:<\/strong><\/td><td>Isabel \u00c1lvarez Fern\u00e1ndez&nbsp;<br>Mercedes Lois Cabello<br>Joana Maria Perell\u00f3 Vallespir<br>M\u00aa Dolores Garc\u00eda S\u00e1nchez<br>Ignacio Soriano Jim\u00e9nez<br>Alex Guillamon Lloret<br>Isra Morales Benito<br>Pr\u00e1xedes Mu\u00f1oz S\u00e1nchez<br>Antonio Urbina Yeregui<\/td><\/tr><\/tbody><\/table><\/figure>\n\n\n\n<p><em>*A l&#8217;efecte de l&#8217;Eina de Transpar\u00e8ncia i Bon Govern de la Coordinadora ONGD Espanya (indicador TR 1.2), indiquem que en la Junta Directiva d&#8217;Entrepobles no es dona el cas que m\u00e9s del 40% dels seus membres ostenten c\u00e0rrec en altres institucions.<\/em><\/p>\n\n\n\n<p>L&#8217;acompliment del c\u00e0rrec de membre de la Junta Directiva o d&#8217;altres funcions representatives de l&#8217;Associaci\u00f3 t\u00e9 car\u00e0cter gratu\u00eft.<\/p>\n\n\n\n<p>La Junta Directiva es reuneix 8 -10 vegades a l&#8217;any. En les seues reunions:<\/p>\n\n\n\n<ol class=\"wp-block-list\">\n<li>Es tracten temes i adopten acords sobre estructura, comptes, auditories, mem\u00f2ries, comissions de treball, assemblees en les xarxes i plataformes en les quals participem.<\/li>\n\n\n\n<li>S&#8217;organitzen i valoren les assemblees i trobades estatals.<\/li>\n\n\n\n<li>S&#8217;informa sobre la gesti\u00f3 de projectes i convenis de cooperaci\u00f3 i educaci\u00f3, l&#8217;organitzaci\u00f3 de gires, jornades, presentacions, publicacions, tallers, o temes relacionats amb la comunicaci\u00f3.<\/li>\n\n\n\n<li>Es valoren les activitats realitzades en les Organitzacions Territorials.<br><\/li>\n<\/ol>\n\n\n\n<p><strong>OFICINA T\u00c8CNICA<\/strong><\/p>\n\n\n\n<p>La&nbsp;<strong>Oficina t\u00e8cnica <\/strong>d&#8217;Entrepobles est\u00e0 formada per personal professional encarregat de les \u00e0rees de cooperaci\u00f3, educaci\u00f3, comunicaci\u00f3 i incid\u00e8ncia, i administraci\u00f3.<\/p>\n\n\n\n<p>En aquest \u00e0mbit tenim com a normes l&#8217;austeritat i l&#8217;efici\u00e8ncia en l&#8217;\u00fas dels recursos humans i t\u00e8cnics; el funcionament democr\u00e0tic i en equip en la gesti\u00f3; i unes condicions laborals coherents amb els nostres principis, quant a drets laborals i equitat de g\u00e8nere.<\/p>\n\n\n\n<p><strong>Els i les cooperants <\/strong>que ens representen en el terreny es coordinen a trav\u00e9s de l&#8217;Oficina t\u00e8cnica, amb els mateixos criteris, per\u00f2 atenent tamb\u00e9 les especials circumst\u00e0ncies en qu\u00e8 exerceixen el seu treball.<\/p>\n\n\n\n<p>La gesti\u00f3 econ\u00f2mica \u00e9s transparent, sotmesa a una auditoria externa, i el seu seguiment es realitza peri\u00f2dicament per la Junta Directiva i es difon en la nostra Mem\u00f2ria Anual.<\/p>\n\n\n\n<p><strong>Cuadro Oficina T\u00e9cnica<\/strong><\/p>\n\n\n\n<figure class=\"wp-block-image size-large\"><img loading=\"lazy\" decoding=\"async\" width=\"1024\" height=\"523\" src=\"https:\/\/entrepueblos.org\/wp-content\/uploads\/2025\/10\/Captura-de-Pantalla-2025-10-22-a-las-18.12.13-1024x523.png\" alt=\"\" class=\"wp-image-48418\" srcset=\"https:\/\/entrepueblos.org\/wp-content\/uploads\/2025\/10\/Captura-de-Pantalla-2025-10-22-a-las-18.12.13-1024x523.png 1024w, https:\/\/entrepueblos.org\/wp-content\/uploads\/2025\/10\/Captura-de-Pantalla-2025-10-22-a-las-18.12.13-300x153.png 300w, https:\/\/entrepueblos.org\/wp-content\/uploads\/2025\/10\/Captura-de-Pantalla-2025-10-22-a-las-18.12.13-768x392.png 768w, https:\/\/entrepueblos.org\/wp-content\/uploads\/2025\/10\/Captura-de-Pantalla-2025-10-22-a-las-18.12.13-1536x785.png 1536w, https:\/\/entrepueblos.org\/wp-content\/uploads\/2025\/10\/Captura-de-Pantalla-2025-10-22-a-las-18.12.13.png 1820w\" sizes=\"auto, (max-width: 1024px) 100vw, 1024px\" \/><\/figure>\n","protected":false},"excerpt":{"rendered":"<p>Com treballem? Al llarg de tres d\u00e8cades, Entrepobles ha constru\u00eft una xarxa de solidaritat internacional amb agents socials i moviments alternatius feministes, ecologistes, populars, llauradors<a class=\"leer-mas\" href=\"https:\/\/entrepueblos.org\/ca\/qui-som\/\">&#8230;<\/a><\/p>\n","protected":false},"author":1,"featured_media":44053,"parent":0,"menu_order":0,"comment_status":"closed","ping_status":"closed","template":"template\/nosaltres.php","meta":{"_acf_changed":false,"footnotes":""},"class_list":["post-47622","page","type-page","status-publish","has-post-thumbnail","hentry"],"acf":[],"yoast_head":"<!-- This site is optimized with the Yoast SEO plugin v25.4 - https:\/\/yoast.com\/wordpress\/plugins\/seo\/ -->\n<title>Qui som? - Entrepobles<\/title>\n<meta name=\"robots\" content=\"index, follow, max-snippet:-1, max-image-preview:large, max-video-preview:-1\" \/>\n<link rel=\"canonical\" href=\"https:\/\/entrepueblos.org\/ca\/qui-som\/\" \/>\n<meta property=\"og:locale\" content=\"ca_ES\" \/>\n<meta property=\"og:type\" content=\"article\" \/>\n<meta property=\"og:title\" content=\"Qui som? - Entrepobles\" \/>\n<meta property=\"og:description\" content=\"Com treballem? Al llarg de tres d\u00e8cades, Entrepobles ha constru\u00eft una xarxa de solidaritat internacional amb agents socials i moviments alternatius feministes, ecologistes, populars, llauradors...\" \/>\n<meta property=\"og:url\" content=\"https:\/\/entrepueblos.org\/ca\/qui-som\/\" \/>\n<meta property=\"og:site_name\" content=\"Entrepobles\" \/>\n<meta property=\"article:modified_time\" content=\"2026-01-26T07:09:50+00:00\" \/>\n<meta property=\"og:image\" content=\"https:\/\/entrepueblos.org\/wp-content\/uploads\/2025\/03\/Rectangle-229.jpg\" \/>\n\t<meta property=\"og:image:width\" content=\"642\" \/>\n\t<meta property=\"og:image:height\" content=\"588\" \/>\n\t<meta property=\"og:image:type\" content=\"image\/jpeg\" \/>\n<meta name=\"twitter:card\" content=\"summary_large_image\" \/>\n<meta name=\"twitter:label1\" content=\"Temps estimat de lectura\" \/>\n\t<meta name=\"twitter:data1\" content=\"7 minuts\" \/>\n<script type=\"application\/ld+json\" class=\"yoast-schema-graph\">{\"@context\":\"https:\/\/schema.org\",\"@graph\":[{\"@type\":\"WebPage\",\"@id\":\"https:\/\/entrepueblos.org\/ca\/qui-som\/\",\"url\":\"https:\/\/entrepueblos.org\/ca\/qui-som\/\",\"name\":\"Qui som? - Entrepobles\",\"isPartOf\":{\"@id\":\"https:\/\/entrepueblos.org\/ca\/#website\"},\"primaryImageOfPage\":{\"@id\":\"https:\/\/entrepueblos.org\/ca\/qui-som\/#primaryimage\"},\"image\":{\"@id\":\"https:\/\/entrepueblos.org\/ca\/qui-som\/#primaryimage\"},\"thumbnailUrl\":\"https:\/\/entrepueblos.org\/wp-content\/uploads\/2025\/03\/Rectangle-229.jpg\",\"datePublished\":\"2025-01-28T16:06:46+00:00\",\"dateModified\":\"2026-01-26T07:09:50+00:00\",\"breadcrumb\":{\"@id\":\"https:\/\/entrepueblos.org\/ca\/qui-som\/#breadcrumb\"},\"inLanguage\":\"ca\",\"potentialAction\":[{\"@type\":\"ReadAction\",\"target\":[\"https:\/\/entrepueblos.org\/ca\/qui-som\/\"]}]},{\"@type\":\"ImageObject\",\"inLanguage\":\"ca\",\"@id\":\"https:\/\/entrepueblos.org\/ca\/qui-som\/#primaryimage\",\"url\":\"https:\/\/entrepueblos.org\/wp-content\/uploads\/2025\/03\/Rectangle-229.jpg\",\"contentUrl\":\"https:\/\/entrepueblos.org\/wp-content\/uploads\/2025\/03\/Rectangle-229.jpg\",\"width\":642,\"height\":588},{\"@type\":\"BreadcrumbList\",\"@id\":\"https:\/\/entrepueblos.org\/ca\/qui-som\/#breadcrumb\",\"itemListElement\":[{\"@type\":\"ListItem\",\"position\":1,\"name\":\"Portada\",\"item\":\"https:\/\/entrepueblos.org\/ca\/\"},{\"@type\":\"ListItem\",\"position\":2,\"name\":\"Qui som?\"}]},{\"@type\":\"WebSite\",\"@id\":\"https:\/\/entrepueblos.org\/ca\/#website\",\"url\":\"https:\/\/entrepueblos.org\/ca\/\",\"name\":\"Entrepobles\",\"description\":\"\",\"publisher\":{\"@id\":\"https:\/\/entrepueblos.org\/ca\/#organization\"},\"potentialAction\":[{\"@type\":\"SearchAction\",\"target\":{\"@type\":\"EntryPoint\",\"urlTemplate\":\"https:\/\/entrepueblos.org\/ca\/?s={search_term_string}\"},\"query-input\":{\"@type\":\"PropertyValueSpecification\",\"valueRequired\":true,\"valueName\":\"search_term_string\"}}],\"inLanguage\":\"ca\"},{\"@type\":\"Organization\",\"@id\":\"https:\/\/entrepueblos.org\/ca\/#organization\",\"name\":\"Entrepobles\",\"url\":\"https:\/\/entrepueblos.org\/ca\/\",\"logo\":{\"@type\":\"ImageObject\",\"inLanguage\":\"ca\",\"@id\":\"https:\/\/entrepueblos.org\/ca\/#\/schema\/logo\/image\/\",\"url\":\"https:\/\/entrepueblos.org\/wp-content\/uploads\/2025\/02\/cropped-logo-entrepobles.png\",\"contentUrl\":\"https:\/\/entrepueblos.org\/wp-content\/uploads\/2025\/02\/cropped-logo-entrepobles.png\",\"width\":67,\"height\":48,\"caption\":\"Entrepobles\"},\"image\":{\"@id\":\"https:\/\/entrepueblos.org\/ca\/#\/schema\/logo\/image\/\"}}]}<\/script>\n<!-- \/ Yoast SEO plugin. -->","yoast_head_json":{"title":"Qui som? - Entrepobles","robots":{"index":"index","follow":"follow","max-snippet":"max-snippet:-1","max-image-preview":"max-image-preview:large","max-video-preview":"max-video-preview:-1"},"canonical":"https:\/\/entrepueblos.org\/ca\/qui-som\/","og_locale":"ca_ES","og_type":"article","og_title":"Qui som? - Entrepobles","og_description":"Com treballem? Al llarg de tres d\u00e8cades, Entrepobles ha constru\u00eft una xarxa de solidaritat internacional amb agents socials i moviments alternatius feministes, ecologistes, populars, llauradors...","og_url":"https:\/\/entrepueblos.org\/ca\/qui-som\/","og_site_name":"Entrepobles","article_modified_time":"2026-01-26T07:09:50+00:00","og_image":[{"width":642,"height":588,"url":"https:\/\/entrepueblos.org\/wp-content\/uploads\/2025\/03\/Rectangle-229.jpg","type":"image\/jpeg"}],"twitter_card":"summary_large_image","twitter_misc":{"Temps estimat de lectura":"7 minuts"},"schema":{"@context":"https:\/\/schema.org","@graph":[{"@type":"WebPage","@id":"https:\/\/entrepueblos.org\/ca\/qui-som\/","url":"https:\/\/entrepueblos.org\/ca\/qui-som\/","name":"Qui som? - Entrepobles","isPartOf":{"@id":"https:\/\/entrepueblos.org\/ca\/#website"},"primaryImageOfPage":{"@id":"https:\/\/entrepueblos.org\/ca\/qui-som\/#primaryimage"},"image":{"@id":"https:\/\/entrepueblos.org\/ca\/qui-som\/#primaryimage"},"thumbnailUrl":"https:\/\/entrepueblos.org\/wp-content\/uploads\/2025\/03\/Rectangle-229.jpg","datePublished":"2025-01-28T16:06:46+00:00","dateModified":"2026-01-26T07:09:50+00:00","breadcrumb":{"@id":"https:\/\/entrepueblos.org\/ca\/qui-som\/#breadcrumb"},"inLanguage":"ca","potentialAction":[{"@type":"ReadAction","target":["https:\/\/entrepueblos.org\/ca\/qui-som\/"]}]},{"@type":"ImageObject","inLanguage":"ca","@id":"https:\/\/entrepueblos.org\/ca\/qui-som\/#primaryimage","url":"https:\/\/entrepueblos.org\/wp-content\/uploads\/2025\/03\/Rectangle-229.jpg","contentUrl":"https:\/\/entrepueblos.org\/wp-content\/uploads\/2025\/03\/Rectangle-229.jpg","width":642,"height":588},{"@type":"BreadcrumbList","@id":"https:\/\/entrepueblos.org\/ca\/qui-som\/#breadcrumb","itemListElement":[{"@type":"ListItem","position":1,"name":"Portada","item":"https:\/\/entrepueblos.org\/ca\/"},{"@type":"ListItem","position":2,"name":"Qui som?"}]},{"@type":"WebSite","@id":"https:\/\/entrepueblos.org\/ca\/#website","url":"https:\/\/entrepueblos.org\/ca\/","name":"Entrepobles","description":"","publisher":{"@id":"https:\/\/entrepueblos.org\/ca\/#organization"},"potentialAction":[{"@type":"SearchAction","target":{"@type":"EntryPoint","urlTemplate":"https:\/\/entrepueblos.org\/ca\/?s={search_term_string}"},"query-input":{"@type":"PropertyValueSpecification","valueRequired":true,"valueName":"search_term_string"}}],"inLanguage":"ca"},{"@type":"Organization","@id":"https:\/\/entrepueblos.org\/ca\/#organization","name":"Entrepobles","url":"https:\/\/entrepueblos.org\/ca\/","logo":{"@type":"ImageObject","inLanguage":"ca","@id":"https:\/\/entrepueblos.org\/ca\/#\/schema\/logo\/image\/","url":"https:\/\/entrepueblos.org\/wp-content\/uploads\/2025\/02\/cropped-logo-entrepobles.png","contentUrl":"https:\/\/entrepueblos.org\/wp-content\/uploads\/2025\/02\/cropped-logo-entrepobles.png","width":67,"height":48,"caption":"Entrepobles"},"image":{"@id":"https:\/\/entrepueblos.org\/ca\/#\/schema\/logo\/image\/"}}]}},"_links":{"self":[{"href":"https:\/\/entrepueblos.org\/ca\/wp-json\/wp\/v2\/pages\/47622","targetHints":{"allow":["GET"]}}],"collection":[{"href":"https:\/\/entrepueblos.org\/ca\/wp-json\/wp\/v2\/pages"}],"about":[{"href":"https:\/\/entrepueblos.org\/ca\/wp-json\/wp\/v2\/types\/page"}],"author":[{"embeddable":true,"href":"https:\/\/entrepueblos.org\/ca\/wp-json\/wp\/v2\/users\/1"}],"replies":[{"embeddable":true,"href":"https:\/\/entrepueblos.org\/ca\/wp-json\/wp\/v2\/comments?post=47622"}],"version-history":[{"count":15,"href":"https:\/\/entrepueblos.org\/ca\/wp-json\/wp\/v2\/pages\/47622\/revisions"}],"predecessor-version":[{"id":49318,"href":"https:\/\/entrepueblos.org\/ca\/wp-json\/wp\/v2\/pages\/47622\/revisions\/49318"}],"wp:featuredmedia":[{"embeddable":true,"href":"https:\/\/entrepueblos.org\/ca\/wp-json\/wp\/v2\/media\/44053"}],"wp:attachment":[{"href":"https:\/\/entrepueblos.org\/ca\/wp-json\/wp\/v2\/media?parent=47622"}],"curies":[{"name":"wp","href":"https:\/\/api.w.org\/{rel}","templated":true}]}}